{"id":409,"date":"2022-09-14T16:11:13","date_gmt":"2022-09-14T14:11:13","guid":{"rendered":"https:\/\/www.capitalinfine.com\/pro\/?page_id=409"},"modified":"2023-01-13T15:13:55","modified_gmt":"2023-01-13T14:13:55","slug":"nos-valeurs","status":"publish","type":"page","link":"https:\/\/www.capitalinfine.com\/pro\/nos-valeurs\/","title":{"rendered":"Nos valeurs"},"content":{"rendered":"\t\t<div data-elementor-type=\"wp-page\" data-elementor-id=\"409\" class=\"elementor elementor-409\">\n\t\t\t\t\t\t<section class=\"elementor-section elementor-top-section elementor-element elementor-element-b4b6c39 elementor-section-full_width elementor-section-stretched elementor-section-height-default elementor-section-height-default\" data-id=\"b4b6c39\" data-element_type=\"section\" data-settings=\"{&quot;stretch_section&quot;:&quot;section-stretched&quot;,&quot;background_background&quot;:&quot;classic&quot;}\">\n\t\t\t\t\t\t\t<div class=\"elementor-background-overlay\"><\/div>\n\t\t\t\t\t\t\t<div class=\"elementor-container elementor-column-gap-default\">\n\t\t\t\t\t<div class=\"elementor-column elementor-col-100 elementor-top-column elementor-element elementor-element-cc8264d\" data-id=\"cc8264d\" data-element_type=\"column\">\n\t\t\t<div class=\"elementor-widget-wrap elementor-element-populated\">\n\t\t\t\t\t\t<section class=\"elementor-section elementor-inner-section elementor-element elementor-element-c8ce38c elementor-section-boxed elementor-section-height-default elementor-section-height-default\" data-id=\"c8ce38c\" data-element_type=\"section\">\n\t\t\t\t\t\t<div class=\"elementor-container elementor-column-gap-default\">\n\t\t\t\t\t<div class=\"elementor-column elementor-col-50 elementor-inner-column elementor-element elementor-element-0ea7be6\" data-id=\"0ea7be6\" data-element_type=\"column\">\n\t\t\t<div class=\"elementor-widget-wrap elementor-element-populated\">\n\t\t\t\t\t\t<div class=\"elementor-element elementor-element-a5168fe elementor-widget elementor-widget-shortcode\" data-id=\"a5168fe\" data-element_type=\"widget\" data-widget_type=\"shortcode.default\">\n\t\t\t\t<div class=\"elementor-widget-container\">\n\t\t\t\t\t\t\t<div class=\"elementor-shortcode\"><\/div>\n\t\t\t\t\t\t<\/div>\n\t\t\t\t<\/div>\n\t\t\t\t<div class=\"elementor-element elementor-element-c37b04a elementor-widget elementor-widget-heading\" data-id=\"c37b04a\" data-element_type=\"widget\" data-widget_type=\"heading.default\">\n\t\t\t\t<div class=\"elementor-widget-container\">\n\t\t\t\t\t<h1 class=\"elementor-heading-title elementor-size-default\">Nos valeurs<\/h1>\t\t\t\t<\/div>\n\t\t\t\t<\/div>\n\t\t\t\t<div class=\"elementor-element elementor-element-0f996e1 elementor-widget-divider--view-line elementor-widget elementor-widget-divider\" data-id=\"0f996e1\" data-element_type=\"widget\" data-widget_type=\"divider.default\">\n\t\t\t\t<div class=\"elementor-widget-container\">\n\t\t\t\t\t\t\t<div class=\"elementor-divider\">\n\t\t\t<span class=\"elementor-divider-separator\">\n\t\t\t\t\t\t<\/span>\n\t\t<\/div>\n\t\t\t\t\t\t<\/div>\n\t\t\t\t<\/div>\n\t\t\t\t\t<\/div>\n\t\t<\/div>\n\t\t\t\t<div class=\"elementor-column elementor-col-50 elementor-inner-column elementor-element elementor-element-170761f\" data-id=\"170761f\" data-element_type=\"column\">\n\t\t\t<div class=\"elementor-widget-wrap\">\n\t\t\t\t\t\t\t<\/div>\n\t\t<\/div>\n\t\t\t\t\t<\/div>\n\t\t<\/section>\n\t\t\t\t\t<\/div>\n\t\t<\/div>\n\t\t\t\t\t<\/div>\n\t\t<\/section>\n\t\t\t\t<section class=\"elementor-section elementor-top-section elementor-element elementor-element-51f627d elementor-section-full_width elementor-section-stretched elementor-section-height-default elementor-section-height-default\" data-id=\"51f627d\" data-element_type=\"section\" data-settings=\"{&quot;stretch_section&quot;:&quot;section-stretched&quot;,&quot;background_background&quot;:&quot;classic&quot;}\">\n\t\t\t\t\t\t\t<div class=\"elementor-background-overlay\"><\/div>\n\t\t\t\t\t\t\t<div class=\"elementor-container elementor-column-gap-default\">\n\t\t\t\t\t<div class=\"elementor-column elementor-col-100 elementor-top-column elementor-element elementor-element-356cef2\" data-id=\"356cef2\" data-element_type=\"column\">\n\t\t\t<div class=\"elementor-widget-wrap elementor-element-populated\">\n\t\t\t\t\t\t<section class=\"elementor-section elementor-inner-section elementor-element elementor-element-0dd65a3 elementor-section-full_width elementor-section-height-default elementor-section-height-default\" data-id=\"0dd65a3\" data-element_type=\"section\">\n\t\t\t\t\t\t<div class=\"elementor-container elementor-column-gap-default\">\n\t\t\t\t\t<div class=\"elementor-column elementor-col-50 elementor-inner-column elementor-element elementor-element-1e4cfd1\" data-id=\"1e4cfd1\" data-element_type=\"column\">\n\t\t\t<div class=\"elementor-widget-wrap elementor-element-populated\">\n\t\t\t\t\t\t<div class=\"elementor-element elementor-element-aae390a elementor-widget__width-initial elementor-widget elementor-widget-heading\" data-id=\"aae390a\" data-element_type=\"widget\" data-widget_type=\"heading.default\">\n\t\t\t\t<div class=\"elementor-widget-container\">\n\t\t\t\t\t<h2 class=\"elementor-heading-title elementor-size-default\">Les valeurs de Capital In Fine<\/h2>\t\t\t\t<\/div>\n\t\t\t\t<\/div>\n\t\t\t\t<div class=\"elementor-element elementor-element-1982da7 elementor-widget-divider--view-line elementor-widget elementor-widget-divider\" data-id=\"1982da7\" data-element_type=\"widget\" data-widget_type=\"divider.default\">\n\t\t\t\t<div class=\"elementor-widget-container\">\n\t\t\t\t\t\t\t<div class=\"elementor-divider\">\n\t\t\t<span class=\"elementor-divider-separator\">\n\t\t\t\t\t\t<\/span>\n\t\t<\/div>\n\t\t\t\t\t\t<\/div>\n\t\t\t\t<\/div>\n\t\t\t\t\t<\/div>\n\t\t<\/div>\n\t\t\t\t<div class=\"elementor-column elementor-col-50 elementor-inner-column elementor-element elementor-element-946206d elementor-hidden-tablet elementor-hidden-mobile\" data-id=\"946206d\" data-element_type=\"column\">\n\t\t\t<div class=\"elementor-widget-wrap\">\n\t\t\t\t\t\t\t<\/div>\n\t\t<\/div>\n\t\t\t\t\t<\/div>\n\t\t<\/section>\n\t\t\t\t<section class=\"elementor-section elementor-inner-section elementor-element elementor-element-b5ee013 elementor-section-full_width elementor-section-height-default elementor-section-height-default\" data-id=\"b5ee013\" data-element_type=\"section\">\n\t\t\t\t\t\t<div class=\"elementor-container elementor-column-gap-default\">\n\t\t\t\t\t<div class=\"elementor-column elementor-col-33 elementor-inner-column elementor-element elementor-element-b069400\" data-id=\"b069400\" data-element_type=\"column\" data-settings=\"{&quot;background_background&quot;:&quot;classic&quot;}\">\n\t\t\t<div class=\"elementor-widget-wrap elementor-element-populated\">\n\t\t\t\t\t\t<div class=\"elementor-element elementor-element-1b5416a elementor-widget elementor-widget-heading\" data-id=\"1b5416a\" data-element_type=\"widget\" data-widget_type=\"heading.default\">\n\t\t\t\t<div class=\"elementor-widget-container\">\n\t\t\t\t\t<p class=\"elementor-heading-title elementor-size-default\">G\u00e9n\u00e9rosit\u00e9<\/p>\t\t\t\t<\/div>\n\t\t\t\t<\/div>\n\t\t\t\t<div class=\"elementor-element elementor-element-74dbe6d elementor-widget elementor-widget-text-editor\" data-id=\"74dbe6d\" data-element_type=\"widget\" data-widget_type=\"text-editor.default\">\n\t\t\t\t<div class=\"elementor-widget-container\">\n\t\t\t\t\t\t\t\t\t<div class=\"fusion-layout-column fusion_builder_column fusion-builder-column-1 fusion_builder_column_1_1 1_1 fusion-one-full fusion-column-first fusion-column-last fusion-column-no-min-height ls-overflow-visible\"><div class=\"fusion-column-wrapper fusion-flex-column-wrapper-legacy ls-direction-fix ls-overflow-visible\">Le sens du partage est au c\u0153ur de notre m\u00e9tier et notre quotidien. Nous souhaitons partager notre temps avec nos clients et nos partenaires pour grandir ensemble. La volont\u00e9 de faire plaisir est une priorit\u00e9 et nous souhaitons donner sans rien attendre en retour.<\/div><\/div>\t\t\t\t\t\t\t\t<\/div>\n\t\t\t\t<\/div>\n\t\t\t\t<div class=\"elementor-element elementor-element-2c288ba elementor-widget-divider--view-line elementor-widget elementor-widget-divider\" data-id=\"2c288ba\" data-element_type=\"widget\" data-widget_type=\"divider.default\">\n\t\t\t\t<div class=\"elementor-widget-container\">\n\t\t\t\t\t\t\t<div class=\"elementor-divider\">\n\t\t\t<span class=\"elementor-divider-separator\">\n\t\t\t\t\t\t<\/span>\n\t\t<\/div>\n\t\t\t\t\t\t<\/div>\n\t\t\t\t<\/div>\n\t\t\t\t\t<\/div>\n\t\t<\/div>\n\t\t\t\t<div class=\"elementor-column elementor-col-33 elementor-inner-column elementor-element elementor-element-21db7a4\" data-id=\"21db7a4\" data-element_type=\"column\" data-settings=\"{&quot;background_background&quot;:&quot;classic&quot;}\">\n\t\t\t<div class=\"elementor-widget-wrap elementor-element-populated\">\n\t\t\t\t\t\t<div class=\"elementor-element elementor-element-ecc7129 elementor-widget elementor-widget-heading\" data-id=\"ecc7129\" data-element_type=\"widget\" data-widget_type=\"heading.default\">\n\t\t\t\t<div class=\"elementor-widget-container\">\n\t\t\t\t\t<p class=\"elementor-heading-title elementor-size-default\">Loyaut\u00e9<\/p>\t\t\t\t<\/div>\n\t\t\t\t<\/div>\n\t\t\t\t<div class=\"elementor-element elementor-element-936757b elementor-widget elementor-widget-text-editor\" data-id=\"936757b\" data-element_type=\"widget\" data-widget_type=\"text-editor.default\">\n\t\t\t\t<div class=\"elementor-widget-container\">\n\t\t\t\t\t\t\t\t\t<div class=\"fusion-layout-column fusion_builder_column fusion-builder-column-1 fusion_builder_column_1_1 1_1 fusion-one-full fusion-column-first fusion-column-last fusion-column-no-min-height ls-overflow-visible\"><div class=\"fusion-column-wrapper fusion-flex-column-wrapper-legacy ls-direction-fix ls-overflow-visible\">L\u2019esprit d\u2019\u00e9quipe et d\u2019entre-aide est une priorit\u00e9 au sein du cabinet. Nous avons \u00e0 c\u0153ur de travailler ensemble pour avancer dans la m\u00eame direction avec un objectif commun. La fid\u00e9lit\u00e9 est une valeur importante parmi nos collaborateurs tout comme celle que nos clients nous offrent. Par leurs recommandations, ils nous font confiance et nous \u0153uvrons \u00e0 200% pour ne pas les d\u00e9cevoir.<\/div><\/div>\t\t\t\t\t\t\t\t<\/div>\n\t\t\t\t<\/div>\n\t\t\t\t<div class=\"elementor-element elementor-element-34fc8e6 elementor-widget-divider--view-line elementor-widget elementor-widget-divider\" data-id=\"34fc8e6\" data-element_type=\"widget\" data-widget_type=\"divider.default\">\n\t\t\t\t<div class=\"elementor-widget-container\">\n\t\t\t\t\t\t\t<div class=\"elementor-divider\">\n\t\t\t<span class=\"elementor-divider-separator\">\n\t\t\t\t\t\t<\/span>\n\t\t<\/div>\n\t\t\t\t\t\t<\/div>\n\t\t\t\t<\/div>\n\t\t\t\t\t<\/div>\n\t\t<\/div>\n\t\t\t\t<div class=\"elementor-column elementor-col-33 elementor-inner-column elementor-element elementor-element-43ed1cc\" data-id=\"43ed1cc\" data-element_type=\"column\" data-settings=\"{&quot;background_background&quot;:&quot;classic&quot;}\">\n\t\t\t<div class=\"elementor-widget-wrap elementor-element-populated\">\n\t\t\t\t\t\t<div class=\"elementor-element elementor-element-c9142e9 elementor-widget elementor-widget-heading\" data-id=\"c9142e9\" data-element_type=\"widget\" data-widget_type=\"heading.default\">\n\t\t\t\t<div class=\"elementor-widget-container\">\n\t\t\t\t\t<p class=\"elementor-heading-title elementor-size-default\">Int\u00e9grit\u00e9<\/p>\t\t\t\t<\/div>\n\t\t\t\t<\/div>\n\t\t\t\t<div class=\"elementor-element elementor-element-e47a9b6 elementor-widget elementor-widget-text-editor\" data-id=\"e47a9b6\" data-element_type=\"widget\" data-widget_type=\"text-editor.default\">\n\t\t\t\t<div class=\"elementor-widget-container\">\n\t\t\t\t\t\t\t\t\t<div class=\"fusion-layout-column fusion_builder_column fusion-builder-column-1 fusion_builder_column_1_1 1_1 fusion-one-full fusion-column-first fusion-column-last fusion-column-no-min-height ls-overflow-visible\"><div class=\"fusion-column-wrapper fusion-flex-column-wrapper-legacy ls-direction-fix ls-overflow-visible\">Agir avec int\u00e9grit\u00e9, c\u2019est cr\u00e9er un engagement \u00e0 agir avec comp\u00e9tences et rigueur en toute circonstance et \u00e0 ne prendre position que lorsqu\u2019on a objectivement analys\u00e9 la question.<br \/>Nous travaillons en toute objectivit\u00e9 afin de vous conseiller dans votre meilleur int\u00e9r\u00eat et en total transparence.<\/div><\/div>\t\t\t\t\t\t\t\t<\/div>\n\t\t\t\t<\/div>\n\t\t\t\t<div class=\"elementor-element elementor-element-c8282a7 elementor-widget-divider--view-line elementor-widget elementor-widget-divider\" data-id=\"c8282a7\" data-element_type=\"widget\" data-widget_type=\"divider.default\">\n\t\t\t\t<div class=\"elementor-widget-container\">\n\t\t\t\t\t\t\t<div class=\"elementor-divider\">\n\t\t\t<span class=\"elementor-divider-separator\">\n\t\t\t\t\t\t<\/span>\n\t\t<\/div>\n\t\t\t\t\t\t<\/div>\n\t\t\t\t<\/div>\n\t\t\t\t\t<\/div>\n\t\t<\/div>\n\t\t\t\t\t<\/div>\n\t\t<\/section>\n\t\t\t\t\t<\/div>\n\t\t<\/div>\n\t\t\t\t\t<\/div>\n\t\t<\/section>\n\t\t\t\t<section class=\"elementor-section elementor-top-section elementor-element elementor-element-fc04662 elementor-section-full_width elementor-section-stretched elementor-section-height-default elementor-section-height-default\" data-id=\"fc04662\" data-element_type=\"section\" data-settings=\"{&quot;stretch_section&quot;:&quot;section-stretched&quot;,&quot;background_background&quot;:&quot;classic&quot;}\">\n\t\t\t\t\t\t\t<div class=\"elementor-background-overlay\"><\/div>\n\t\t\t\t\t\t\t<div class=\"elementor-container elementor-column-gap-default\">\n\t\t\t\t\t<div class=\"elementor-column elementor-col-100 elementor-top-column elementor-element elementor-element-62e56b4\" data-id=\"62e56b4\" data-element_type=\"column\">\n\t\t\t<div class=\"elementor-widget-wrap elementor-element-populated\">\n\t\t\t\t\t\t<div class=\"elementor-element elementor-element-930ffc6 elementor-hidden-tablet elementor-hidden-mobile elementor-widget elementor-widget-image\" data-id=\"930ffc6\" data-element_type=\"widget\" data-widget_type=\"image.default\">\n\t\t\t\t<div class=\"elementor-widget-container\">\n\t\t\t\t\t\t\t\t\t\t\t\t\t\t\t<img fetchpriority=\"high\" decoding=\"async\" width=\"1920\" height=\"510\" src=\"https:\/\/www.capitalinfine.com\/pro\/wp-content\/uploads\/2022\/09\/illustration-capital-in-fine-1.png\" class=\"attachment-full size-full wp-image-1874\" alt=\"illustration capital in fine\" srcset=\"https:\/\/www.capitalinfine.com\/pro\/wp-content\/uploads\/2022\/09\/illustration-capital-in-fine-1.png 1920w, https:\/\/www.capitalinfine.com\/pro\/wp-content\/uploads\/2022\/09\/illustration-capital-in-fine-1-300x80.png 300w, https:\/\/www.capitalinfine.com\/pro\/wp-content\/uploads\/2022\/09\/illustration-capital-in-fine-1-1024x272.png 1024w, https:\/\/www.capitalinfine.com\/pro\/wp-content\/uploads\/2022\/09\/illustration-capital-in-fine-1-768x204.png 768w, https:\/\/www.capitalinfine.com\/pro\/wp-content\/uploads\/2022\/09\/illustration-capital-in-fine-1-1536x408.png 1536w, https:\/\/www.capitalinfine.com\/pro\/wp-content\/uploads\/2022\/09\/illustration-capital-in-fine-1-500x133.png 500w, https:\/\/www.capitalinfine.com\/pro\/wp-content\/uploads\/2022\/09\/illustration-capital-in-fine-1-800x213.png 800w, https:\/\/www.capitalinfine.com\/pro\/wp-content\/uploads\/2022\/09\/illustration-capital-in-fine-1-1280x340.png 1280w\" sizes=\"(max-width: 1920px) 100vw, 1920px\" \/>\t\t\t\t\t\t\t\t\t\t\t\t\t\t\t<\/div>\n\t\t\t\t<\/div>\n\t\t\t\t\t<\/div>\n\t\t<\/div>\n\t\t\t\t\t<\/div>\n\t\t<\/section>\n\t\t\t\t<\/div>\n\t\t","protected":false},"excerpt":{"rendered":"<p>Nos valeurs Les valeurs de Capital In Fine G\u00e9n\u00e9rosit\u00e9 Le sens du partage est au c\u0153ur de notre m\u00e9tier et notre quotidien. Nous souhaitons partager notre temps avec nos clients et nos partenaires pour grandir ensemble. La volont\u00e9 de faire plaisir est une priorit\u00e9 et nous souhaitons donner sans rien attendre en retour. Loyaut\u00e9 L\u2019esprit [&hellip;]<\/p>\n","protected":false},"author":1,"featured_media":0,"parent":0,"menu_order":0,"comment_status":"closed","ping_status":"closed","template":"","meta":{"_vp_format_video_url":"","_vp_image_focal_point":[],"footnotes":""},"class_list":["post-409","page","type-page","status-publish","hentry"],"yoast_head":"<!-- This site is optimized with the Yoast SEO plugin v25.8 - https:\/\/yoast.com\/wordpress\/plugins\/seo\/ -->\n<title>Nos valeurs - Capital In Fine<\/title>\n<meta name=\"robots\" content=\"index, follow, max-snippet:-1, max-image-preview:large, max-video-preview:-1\" \/>\n<link rel=\"canonical\" href=\"https:\/\/www.capitalinfine.com\/pro\/nos-valeurs\/\" \/>\n<meta property=\"og:locale\" content=\"fr_FR\" \/>\n<meta property=\"og:type\" content=\"article\" \/>\n<meta property=\"og:title\" content=\"Nos valeurs - Capital In Fine\" \/>\n<meta property=\"og:description\" content=\"Nos valeurs Les valeurs de Capital In Fine G\u00e9n\u00e9rosit\u00e9 Le sens du partage est au c\u0153ur de notre m\u00e9tier et notre quotidien. Nous souhaitons partager notre temps avec nos clients et nos partenaires pour grandir ensemble. La volont\u00e9 de faire plaisir est une priorit\u00e9 et nous souhaitons donner sans rien attendre en retour. Loyaut\u00e9 L\u2019esprit [&hellip;]\" \/>\n<meta property=\"og:url\" content=\"https:\/\/www.capitalinfine.com\/pro\/nos-valeurs\/\" \/>\n<meta property=\"og:site_name\" content=\"Capital In Fine\" \/>\n<meta property=\"article:modified_time\" content=\"2023-01-13T14:13:55+00:00\" \/>\n<meta property=\"og:image\" content=\"https:\/\/www.capitalinfine.com\/pro\/wp-content\/uploads\/2022\/09\/illustration-capital-in-fine-1.png\" \/>\n<meta name=\"twitter:card\" content=\"summary_large_image\" \/>\n<meta name=\"twitter:label1\" content=\"Dur\u00e9e de lecture estim\u00e9e\" \/>\n\t<meta name=\"twitter:data1\" content=\"2 minutes\" \/>\n<script type=\"application\/ld+json\" class=\"yoast-schema-graph\">{\"@context\":\"https:\/\/schema.org\",\"@graph\":[{\"@type\":\"WebPage\",\"@id\":\"https:\/\/www.capitalinfine.com\/pro\/nos-valeurs\/\",\"url\":\"https:\/\/www.capitalinfine.com\/pro\/nos-valeurs\/\",\"name\":\"Nos valeurs - Capital In Fine\",\"isPartOf\":{\"@id\":\"https:\/\/www.capitalinfine.com\/pro\/#website\"},\"primaryImageOfPage\":{\"@id\":\"https:\/\/www.capitalinfine.com\/pro\/nos-valeurs\/#primaryimage\"},\"image\":{\"@id\":\"https:\/\/www.capitalinfine.com\/pro\/nos-valeurs\/#primaryimage\"},\"thumbnailUrl\":\"https:\/\/www.capitalinfine.com\/pro\/wp-content\/uploads\/2022\/09\/illustration-capital-in-fine-1.png\",\"datePublished\":\"2022-09-14T14:11:13+00:00\",\"dateModified\":\"2023-01-13T14:13:55+00:00\",\"inLanguage\":\"fr-FR\",\"potentialAction\":[{\"@type\":\"ReadAction\",\"target\":[\"https:\/\/www.capitalinfine.com\/pro\/nos-valeurs\/\"]}]},{\"@type\":\"ImageObject\",\"inLanguage\":\"fr-FR\",\"@id\":\"https:\/\/www.capitalinfine.com\/pro\/nos-valeurs\/#primaryimage\",\"url\":\"https:\/\/www.capitalinfine.com\/pro\/wp-content\/uploads\/2022\/09\/illustration-capital-in-fine-1.png\",\"contentUrl\":\"https:\/\/www.capitalinfine.com\/pro\/wp-content\/uploads\/2022\/09\/illustration-capital-in-fine-1.png\",\"width\":1920,\"height\":510,\"caption\":\"illustration capital in fine\"},{\"@type\":\"WebSite\",\"@id\":\"https:\/\/www.capitalinfine.com\/pro\/#website\",\"url\":\"https:\/\/www.capitalinfine.com\/pro\/\",\"name\":\"Capital In Fine\",\"description\":\"Courtier en Pr\u00eat Immobilier pour les professionnels \u00e0 Tours\",\"potentialAction\":[{\"@type\":\"SearchAction\",\"target\":{\"@type\":\"EntryPoint\",\"urlTemplate\":\"https:\/\/www.capitalinfine.com\/pro\/?s={search_term_string}\"},\"query-input\":{\"@type\":\"PropertyValueSpecification\",\"valueRequired\":true,\"valueName\":\"search_term_string\"}}],\"inLanguage\":\"fr-FR\"}]}<\/script>\n<!-- \/ Yoast SEO plugin. -->","yoast_head_json":{"title":"Nos valeurs - Capital In Fine","robots":{"index":"index","follow":"follow","max-snippet":"max-snippet:-1","max-image-preview":"max-image-preview:large","max-video-preview":"max-video-preview:-1"},"canonical":"https:\/\/www.capitalinfine.com\/pro\/nos-valeurs\/","og_locale":"fr_FR","og_type":"article","og_title":"Nos valeurs - Capital In Fine","og_description":"Nos valeurs Les valeurs de Capital In Fine G\u00e9n\u00e9rosit\u00e9 Le sens du partage est au c\u0153ur de notre m\u00e9tier et notre quotidien. Nous souhaitons partager notre temps avec nos clients et nos partenaires pour grandir ensemble. La volont\u00e9 de faire plaisir est une priorit\u00e9 et nous souhaitons donner sans rien attendre en retour. Loyaut\u00e9 L\u2019esprit [&hellip;]","og_url":"https:\/\/www.capitalinfine.com\/pro\/nos-valeurs\/","og_site_name":"Capital In Fine","article_modified_time":"2023-01-13T14:13:55+00:00","og_image":[{"url":"https:\/\/www.capitalinfine.com\/pro\/wp-content\/uploads\/2022\/09\/illustration-capital-in-fine-1.png","type":"","width":"","height":""}],"twitter_card":"summary_large_image","twitter_misc":{"Dur\u00e9e de lecture estim\u00e9e":"2 minutes"},"schema":{"@context":"https:\/\/schema.org","@graph":[{"@type":"WebPage","@id":"https:\/\/www.capitalinfine.com\/pro\/nos-valeurs\/","url":"https:\/\/www.capitalinfine.com\/pro\/nos-valeurs\/","name":"Nos valeurs - Capital In Fine","isPartOf":{"@id":"https:\/\/www.capitalinfine.com\/pro\/#website"},"primaryImageOfPage":{"@id":"https:\/\/www.capitalinfine.com\/pro\/nos-valeurs\/#primaryimage"},"image":{"@id":"https:\/\/www.capitalinfine.com\/pro\/nos-valeurs\/#primaryimage"},"thumbnailUrl":"https:\/\/www.capitalinfine.com\/pro\/wp-content\/uploads\/2022\/09\/illustration-capital-in-fine-1.png","datePublished":"2022-09-14T14:11:13+00:00","dateModified":"2023-01-13T14:13:55+00:00","inLanguage":"fr-FR","potentialAction":[{"@type":"ReadAction","target":["https:\/\/www.capitalinfine.com\/pro\/nos-valeurs\/"]}]},{"@type":"ImageObject","inLanguage":"fr-FR","@id":"https:\/\/www.capitalinfine.com\/pro\/nos-valeurs\/#primaryimage","url":"https:\/\/www.capitalinfine.com\/pro\/wp-content\/uploads\/2022\/09\/illustration-capital-in-fine-1.png","contentUrl":"https:\/\/www.capitalinfine.com\/pro\/wp-content\/uploads\/2022\/09\/illustration-capital-in-fine-1.png","width":1920,"height":510,"caption":"illustration capital in fine"},{"@type":"WebSite","@id":"https:\/\/www.capitalinfine.com\/pro\/#website","url":"https:\/\/www.capitalinfine.com\/pro\/","name":"Capital In Fine","description":"Courtier en Pr\u00eat Immobilier pour les professionnels \u00e0 Tours","potentialAction":[{"@type":"SearchAction","target":{"@type":"EntryPoint","urlTemplate":"https:\/\/www.capitalinfine.com\/pro\/?s={search_term_string}"},"query-input":{"@type":"PropertyValueSpecification","valueRequired":true,"valueName":"search_term_string"}}],"inLanguage":"fr-FR"}]}},"_links":{"self":[{"href":"https:\/\/www.capitalinfine.com\/pro\/wp-json\/wp\/v2\/pages\/409","targetHints":{"allow":["GET"]}}],"collection":[{"href":"https:\/\/www.capitalinfine.com\/pro\/wp-json\/wp\/v2\/pages"}],"about":[{"href":"https:\/\/www.capitalinfine.com\/pro\/wp-json\/wp\/v2\/types\/page"}],"author":[{"embeddable":true,"href":"https:\/\/www.capitalinfine.com\/pro\/wp-json\/wp\/v2\/users\/1"}],"replies":[{"embeddable":true,"href":"https:\/\/www.capitalinfine.com\/pro\/wp-json\/wp\/v2\/comments?post=409"}],"version-history":[{"count":23,"href":"https:\/\/www.capitalinfine.com\/pro\/wp-json\/wp\/v2\/pages\/409\/revisions"}],"predecessor-version":[{"id":6309,"href":"https:\/\/www.capitalinfine.com\/pro\/wp-json\/wp\/v2\/pages\/409\/revisions\/6309"}],"wp:attachment":[{"href":"https:\/\/www.capitalinfine.com\/pro\/wp-json\/wp\/v2\/media?parent=409"}],"curies":[{"name":"wp","href":"https:\/\/api.w.org\/{rel}","templated":true}]}}