{"id":21,"date":"2022-09-14T10:32:44","date_gmt":"2022-09-14T08:32:44","guid":{"rendered":"https:\/\/www.capitalinfine.com\/pro\/?page_id=21"},"modified":"2023-02-06T12:31:32","modified_gmt":"2023-02-06T11:31:32","slug":"mentions-legales","status":"publish","type":"page","link":"https:\/\/www.capitalinfine.com\/pro\/mentions-legales\/","title":{"rendered":"Mentions l\u00e9gales"},"content":{"rendered":"\t\t<div data-elementor-type=\"wp-page\" data-elementor-id=\"21\" class=\"elementor elementor-21\">\n\t\t\t\t\t\t<section class=\"elementor-section elementor-top-section elementor-element elementor-element-96264d8 elementor-section-full_width elementor-section-stretched elementor-section-height-default elementor-section-height-default\" data-id=\"96264d8\" data-element_type=\"section\" data-settings=\"{&quot;stretch_section&quot;:&quot;section-stretched&quot;,&quot;background_background&quot;:&quot;classic&quot;}\">\n\t\t\t\t\t\t\t<div class=\"elementor-background-overlay\"><\/div>\n\t\t\t\t\t\t\t<div class=\"elementor-container elementor-column-gap-default\">\n\t\t\t\t\t<div class=\"elementor-column elementor-col-100 elementor-top-column elementor-element elementor-element-c454680\" data-id=\"c454680\" data-element_type=\"column\">\n\t\t\t<div class=\"elementor-widget-wrap elementor-element-populated\">\n\t\t\t\t\t\t<section class=\"elementor-section elementor-inner-section elementor-element elementor-element-dfb5fd2 elementor-section-boxed elementor-section-height-default elementor-section-height-default\" data-id=\"dfb5fd2\" data-element_type=\"section\">\n\t\t\t\t\t\t<div class=\"elementor-container elementor-column-gap-default\">\n\t\t\t\t\t<div class=\"elementor-column elementor-col-50 elementor-inner-column elementor-element elementor-element-151be16\" data-id=\"151be16\" data-element_type=\"column\">\n\t\t\t<div class=\"elementor-widget-wrap elementor-element-populated\">\n\t\t\t\t\t\t<div class=\"elementor-element elementor-element-cce69fa elementor-widget elementor-widget-shortcode\" data-id=\"cce69fa\" data-element_type=\"widget\" data-widget_type=\"shortcode.default\">\n\t\t\t\t<div class=\"elementor-widget-container\">\n\t\t\t\t\t\t\t<div class=\"elementor-shortcode\"><\/div>\n\t\t\t\t\t\t<\/div>\n\t\t\t\t<\/div>\n\t\t\t\t<div class=\"elementor-element elementor-element-649d6fe elementor-widget elementor-widget-heading\" data-id=\"649d6fe\" data-element_type=\"widget\" data-widget_type=\"heading.default\">\n\t\t\t\t<div class=\"elementor-widget-container\">\n\t\t\t\t\t<h1 class=\"elementor-heading-title elementor-size-default\">Mentions l\u00e9gales<\/h1>\t\t\t\t<\/div>\n\t\t\t\t<\/div>\n\t\t\t\t<div class=\"elementor-element elementor-element-b3c36a5 elementor-widget-divider--view-line elementor-widget elementor-widget-divider\" data-id=\"b3c36a5\" data-element_type=\"widget\" data-widget_type=\"divider.default\">\n\t\t\t\t<div class=\"elementor-widget-container\">\n\t\t\t\t\t\t\t<div class=\"elementor-divider\">\n\t\t\t<span class=\"elementor-divider-separator\">\n\t\t\t\t\t\t<\/span>\n\t\t<\/div>\n\t\t\t\t\t\t<\/div>\n\t\t\t\t<\/div>\n\t\t\t\t\t<\/div>\n\t\t<\/div>\n\t\t\t\t<div class=\"elementor-column elementor-col-50 elementor-inner-column elementor-element elementor-element-30bba12\" data-id=\"30bba12\" data-element_type=\"column\">\n\t\t\t<div class=\"elementor-widget-wrap\">\n\t\t\t\t\t\t\t<\/div>\n\t\t<\/div>\n\t\t\t\t\t<\/div>\n\t\t<\/section>\n\t\t\t\t\t<\/div>\n\t\t<\/div>\n\t\t\t\t\t<\/div>\n\t\t<\/section>\n\t\t\t\t<section class=\"elementor-section elementor-top-section elementor-element elementor-element-426f924 elementor-section-boxed elementor-section-height-default elementor-section-height-default\" data-id=\"426f924\" data-element_type=\"section\">\n\t\t\t\t\t\t<div class=\"elementor-container elementor-column-gap-default\">\n\t\t\t\t\t<div class=\"elementor-column elementor-col-100 elementor-top-column elementor-element elementor-element-9e3ce94\" data-id=\"9e3ce94\" data-element_type=\"column\">\n\t\t\t<div class=\"elementor-widget-wrap elementor-element-populated\">\n\t\t\t\t\t\t<div class=\"elementor-element elementor-element-746db52 elementor-widget elementor-widget-heading\" data-id=\"746db52\" data-element_type=\"widget\" data-widget_type=\"heading.default\">\n\t\t\t\t<div class=\"elementor-widget-container\">\n\t\t\t\t\t<h2 class=\"elementor-heading-title elementor-size-default\">Objectif de l\u2019information diffus\u00e9e de ce site<\/h2>\t\t\t\t<\/div>\n\t\t\t\t<\/div>\n\t\t\t\t<div class=\"elementor-element elementor-element-342786f elementor-widget elementor-widget-text-editor\" data-id=\"342786f\" data-element_type=\"widget\" data-widget_type=\"text-editor.default\">\n\t\t\t\t<div class=\"elementor-widget-container\">\n\t\t\t\t\t\t\t\t\t\n<p>Ce site met en avant le savoir-faire et les services propos\u00e9s par la soci\u00e9t\u00e9 Capital In Fine.<\/p>\n\n<p><strong>Raison sociale<\/strong> : Capital In Fine<br \/><strong>Forme juridique<\/strong> :<br \/><strong>Si\u00e8ge social<\/strong> : 5 Place Jean Jaur\u00e8s &#8211; 37000 Tours<br \/><strong>Capital social<\/strong> : 1000\u20ac<br \/><strong>D\u00e9partement<\/strong> : Indre-et-Loire (37)<br \/><strong>Adresse \u00e9lectronique<\/strong> : tours@capitalinfine.com<br \/><strong>Num\u00e9ro de t\u00e9l\u00e9phone<\/strong> : 00 33 2 47 20 09 00<\/p>\n\n<p>Propri\u00e9t\u00e9 et coordonn\u00e9es de l\u2019\u00e9diteur du site :<br \/>Le Site est la propri\u00e9t\u00e9 de la soci\u00e9t\u00e9 Capital In Fine, il est administr\u00e9 en France et est h\u00e9berg\u00e9 par la Soci\u00e9t\u00e9 Ideo Point Com. <br \/>Si\u00e8ge social : 5, Rue du four br\u00fbl\u00e9 \u2013 37110 Ch\u00e2teau-Renault<br \/><strong>Directeur de la publication<\/strong> :<br \/><strong>Directeur de la r\u00e9daction<\/strong> :<br \/><strong>Conception et d\u00e9veloppement<\/strong> : Ideo Point Com, 5 rue du four br\u00fbl\u00e9 \u00e0 Ch\u00e2teau-Renault \u2013 <a href=\"https:\/\/www.ideopoint.com\" target=\"_blank\" rel=\"noreferrer noopener\">www.ideopoint.com<\/a> \u2013 02 47 52 24 28<br \/><strong>Cr\u00e9ation de contenus<\/strong> : Capital In Fine, situ\u00e9 au 5 Place Jean Jaur\u00e8s\u00a0 \u2013 37000 TOURS, tours@capitalinfine.com,\u00a0 00 33 2 47 20 09 00<br \/><strong>Coordonn\u00e9es de l\u2019h\u00e9bergeur du site<\/strong> : Ideo Point Com, 5 rue du four br\u00fbl\u00e9 \u00e0 Ch\u00e2teau-Renault \u2013\u00a0 <a href=\"https:\/\/www.ideopoint.com\" target=\"_blank\" rel=\"noreferrer noopener\">www.ideopoint.com<\/a> \u2013 02 47 52 24 28<\/p>\n\t\t\t\t\t\t\t\t<\/div>\n\t\t\t\t<\/div>\n\t\t\t\t\t<\/div>\n\t\t<\/div>\n\t\t\t\t\t<\/div>\n\t\t<\/section>\n\t\t\t\t<\/div>\n\t\t","protected":false},"excerpt":{"rendered":"<p>Mentions l\u00e9gales Objectif de l\u2019information diffus\u00e9e de ce site Ce site met en avant le savoir-faire et les services propos\u00e9s par la soci\u00e9t\u00e9 Capital In Fine. Raison sociale : Capital In FineForme juridique :Si\u00e8ge social : 5 Place Jean Jaur\u00e8s &#8211; 37000 ToursCapital social : 1000\u20acD\u00e9partement : Indre-et-Loire (37)Adresse \u00e9lectronique : tours@capitalinfine.comNum\u00e9ro de t\u00e9l\u00e9phone : [&hellip;]<\/p>\n","protected":false},"author":1,"featured_media":0,"parent":0,"menu_order":0,"comment_status":"closed","ping_status":"open","template":"","meta":{"_vp_format_video_url":"","_vp_image_focal_point":[],"footnotes":""},"class_list":["post-21","page","type-page","status-publish","hentry"],"yoast_head":"<!-- This site is optimized with the Yoast SEO plugin v25.8 - https:\/\/yoast.com\/wordpress\/plugins\/seo\/ -->\n<title>Mentions l\u00e9gales - Capital In Fine<\/title>\n<meta name=\"robots\" content=\"index, follow, max-snippet:-1, max-image-preview:large, max-video-preview:-1\" \/>\n<link rel=\"canonical\" href=\"https:\/\/www.capitalinfine.com\/pro\/mentions-legales\/\" \/>\n<meta property=\"og:locale\" content=\"fr_FR\" \/>\n<meta property=\"og:type\" content=\"article\" \/>\n<meta property=\"og:title\" content=\"Mentions l\u00e9gales - Capital In Fine\" \/>\n<meta property=\"og:description\" content=\"Mentions l\u00e9gales Objectif de l\u2019information diffus\u00e9e de ce site Ce site met en avant le savoir-faire et les services propos\u00e9s par la soci\u00e9t\u00e9 Capital In Fine. Raison sociale : Capital In FineForme juridique :Si\u00e8ge social : 5 Place Jean Jaur\u00e8s &#8211; 37000 ToursCapital social : 1000\u20acD\u00e9partement : Indre-et-Loire (37)Adresse \u00e9lectronique : tours@capitalinfine.comNum\u00e9ro de t\u00e9l\u00e9phone : [&hellip;]\" \/>\n<meta property=\"og:url\" content=\"https:\/\/www.capitalinfine.com\/pro\/mentions-legales\/\" \/>\n<meta property=\"og:site_name\" content=\"Capital In Fine\" \/>\n<meta property=\"article:modified_time\" content=\"2023-02-06T11:31:32+00:00\" \/>\n<meta name=\"twitter:card\" content=\"summary_large_image\" \/>\n<meta name=\"twitter:label1\" content=\"Dur\u00e9e de lecture estim\u00e9e\" \/>\n\t<meta name=\"twitter:data1\" content=\"1 minute\" \/>\n<script type=\"application\/ld+json\" class=\"yoast-schema-graph\">{\"@context\":\"https:\/\/schema.org\",\"@graph\":[{\"@type\":\"WebPage\",\"@id\":\"https:\/\/www.capitalinfine.com\/pro\/mentions-legales\/\",\"url\":\"https:\/\/www.capitalinfine.com\/pro\/mentions-legales\/\",\"name\":\"Mentions l\u00e9gales - Capital In Fine\",\"isPartOf\":{\"@id\":\"https:\/\/www.capitalinfine.com\/pro\/#website\"},\"datePublished\":\"2022-09-14T08:32:44+00:00\",\"dateModified\":\"2023-02-06T11:31:32+00:00\",\"inLanguage\":\"fr-FR\",\"potentialAction\":[{\"@type\":\"ReadAction\",\"target\":[\"https:\/\/www.capitalinfine.com\/pro\/mentions-legales\/\"]}]},{\"@type\":\"WebSite\",\"@id\":\"https:\/\/www.capitalinfine.com\/pro\/#website\",\"url\":\"https:\/\/www.capitalinfine.com\/pro\/\",\"name\":\"Capital In Fine\",\"description\":\"Courtier en Pr\u00eat Immobilier pour les professionnels \u00e0 Tours\",\"potentialAction\":[{\"@type\":\"SearchAction\",\"target\":{\"@type\":\"EntryPoint\",\"urlTemplate\":\"https:\/\/www.capitalinfine.com\/pro\/?s={search_term_string}\"},\"query-input\":{\"@type\":\"PropertyValueSpecification\",\"valueRequired\":true,\"valueName\":\"search_term_string\"}}],\"inLanguage\":\"fr-FR\"}]}<\/script>\n<!-- \/ Yoast SEO plugin. -->","yoast_head_json":{"title":"Mentions l\u00e9gales - Capital In Fine","robots":{"index":"index","follow":"follow","max-snippet":"max-snippet:-1","max-image-preview":"max-image-preview:large","max-video-preview":"max-video-preview:-1"},"canonical":"https:\/\/www.capitalinfine.com\/pro\/mentions-legales\/","og_locale":"fr_FR","og_type":"article","og_title":"Mentions l\u00e9gales - Capital In Fine","og_description":"Mentions l\u00e9gales Objectif de l\u2019information diffus\u00e9e de ce site Ce site met en avant le savoir-faire et les services propos\u00e9s par la soci\u00e9t\u00e9 Capital In Fine. Raison sociale : Capital In FineForme juridique :Si\u00e8ge social : 5 Place Jean Jaur\u00e8s &#8211; 37000 ToursCapital social : 1000\u20acD\u00e9partement : Indre-et-Loire (37)Adresse \u00e9lectronique : tours@capitalinfine.comNum\u00e9ro de t\u00e9l\u00e9phone : [&hellip;]","og_url":"https:\/\/www.capitalinfine.com\/pro\/mentions-legales\/","og_site_name":"Capital In Fine","article_modified_time":"2023-02-06T11:31:32+00:00","twitter_card":"summary_large_image","twitter_misc":{"Dur\u00e9e de lecture estim\u00e9e":"1 minute"},"schema":{"@context":"https:\/\/schema.org","@graph":[{"@type":"WebPage","@id":"https:\/\/www.capitalinfine.com\/pro\/mentions-legales\/","url":"https:\/\/www.capitalinfine.com\/pro\/mentions-legales\/","name":"Mentions l\u00e9gales - Capital In Fine","isPartOf":{"@id":"https:\/\/www.capitalinfine.com\/pro\/#website"},"datePublished":"2022-09-14T08:32:44+00:00","dateModified":"2023-02-06T11:31:32+00:00","inLanguage":"fr-FR","potentialAction":[{"@type":"ReadAction","target":["https:\/\/www.capitalinfine.com\/pro\/mentions-legales\/"]}]},{"@type":"WebSite","@id":"https:\/\/www.capitalinfine.com\/pro\/#website","url":"https:\/\/www.capitalinfine.com\/pro\/","name":"Capital In Fine","description":"Courtier en Pr\u00eat Immobilier pour les professionnels \u00e0 Tours","potentialAction":[{"@type":"SearchAction","target":{"@type":"EntryPoint","urlTemplate":"https:\/\/www.capitalinfine.com\/pro\/?s={search_term_string}"},"query-input":{"@type":"PropertyValueSpecification","valueRequired":true,"valueName":"search_term_string"}}],"inLanguage":"fr-FR"}]}},"_links":{"self":[{"href":"https:\/\/www.capitalinfine.com\/pro\/wp-json\/wp\/v2\/pages\/21","targetHints":{"allow":["GET"]}}],"collection":[{"href":"https:\/\/www.capitalinfine.com\/pro\/wp-json\/wp\/v2\/pages"}],"about":[{"href":"https:\/\/www.capitalinfine.com\/pro\/wp-json\/wp\/v2\/types\/page"}],"author":[{"embeddable":true,"href":"https:\/\/www.capitalinfine.com\/pro\/wp-json\/wp\/v2\/users\/1"}],"replies":[{"embeddable":true,"href":"https:\/\/www.capitalinfine.com\/pro\/wp-json\/wp\/v2\/comments?post=21"}],"version-history":[{"count":63,"href":"https:\/\/www.capitalinfine.com\/pro\/wp-json\/wp\/v2\/pages\/21\/revisions"}],"predecessor-version":[{"id":7205,"href":"https:\/\/www.capitalinfine.com\/pro\/wp-json\/wp\/v2\/pages\/21\/revisions\/7205"}],"wp:attachment":[{"href":"https:\/\/www.capitalinfine.com\/pro\/wp-json\/wp\/v2\/media?parent=21"}],"curies":[{"name":"wp","href":"https:\/\/api.w.org\/{rel}","templated":true}]}}